{"id":110,"date":"2024-03-23T09:36:36","date_gmt":"2024-03-23T09:36:36","guid":{"rendered":"https:\/\/www.tlumaczwietnamskiego.pl\/?page_id=110"},"modified":"2024-03-24T07:47:12","modified_gmt":"2024-03-24T07:47:12","slug":"cennik","status":"publish","type":"page","link":"https:\/\/www.tlumaczwietnamskiego.pl\/index.php\/cennik\/","title":{"rendered":"Cennik"},"content":{"rendered":"\t\t<div data-elementor-type=\"wp-page\" data-elementor-id=\"110\" class=\"elementor elementor-110\">\n\t\t\t\t<div class=\"elementor-element elementor-element-d0fca5c e-flex e-con-boxed e-con e-parent\" data-id=\"d0fca5c\" data-element_type=\"container\">\n\t\t\t\t\t<div class=\"e-con-inner\">\n\t\t<div class=\"elementor-element elementor-element-ceb701a e-con-full e-flex e-con e-child\" data-id=\"ceb701a\" data-element_type=\"container\">\n\t\t\t\t<div class=\"elementor-element elementor-element-9d45df0 elementor-widget elementor-widget-text-editor\" data-id=\"9d45df0\" data-element_type=\"widget\" data-widget_type=\"text-editor.default\">\n\t\t\t\t<div class=\"elementor-widget-container\">\n\t\t\t<style>\/*! elementor - v3.23.0 - 05-08-2024 *\/\n.elementor-widget-text-editor.elementor-drop-cap-view-stacked .elementor-drop-cap{background-color:#69727d;color:#fff}.elementor-widget-text-editor.elementor-drop-cap-view-framed .elementor-drop-cap{color:#69727d;border:3px solid;background-color:transparent}.elementor-widget-text-editor:not(.elementor-drop-cap-view-default) .elementor-drop-cap{margin-top:8px}.elementor-widget-text-editor:not(.elementor-drop-cap-view-default) .elementor-drop-cap-letter{width:1em;height:1em}.elementor-widget-text-editor .elementor-drop-cap{float:left;text-align:center;line-height:1;font-size:50px}.elementor-widget-text-editor .elementor-drop-cap-letter{display:inline-block}<\/style>\t\t\t\tT\u0142umaczenia pisemne:\n<table>\n<tbody>\n<tr>\n<td>T\u0142umaczenie w trybie zwyk\u0142ym<\/td>\n<td>T\u0142umaczenia po\u015bwiadczone\n1125 znak\u00f3w ze spacjami\n\/strona obliczeniowa<\/td>\n<td>T\u0142umaczenia pisemne\n1600 znak\u00f3w ze\u00a0spacjami\n\/stron\u0119 obliczeniow\u0105<\/td>\n<\/tr>\n<tr>\n<td>Z j. wietnamskiego na j. polski<\/td>\n<td>80<\/td>\n<td>80<\/td>\n<\/tr>\n<tr>\n<td>Z j. polskiego na j. wietnamski<\/td>\n<td>80<\/td>\n<td>80<\/td>\n<\/tr>\n<\/tbody>\n<\/table>\nCena t\u0142umaczenia w trybie ekspresowym i superekspresowym jest uzgodniona indywidualnie. Ze wzgl\u0119du na r\u00f3\u017cne rodzaje t\u0142umacze\u0144 oraz nietypowe sytuacje w kt\u00f3rych staje t\u0142umacz, ceny podlegaj\u0105 indywidualnej ocenie, a wy\u017cej podany cennik jest orientacyjny.\t\t\t\t\t\t<\/div>\n\t\t\t\t<\/div>\n\t\t\t\t<\/div>\n\t\t<div class=\"elementor-element elementor-element-24a32dc e-con-full e-flex e-con e-child\" data-id=\"24a32dc\" data-element_type=\"container\">\n\t\t\t\t<div class=\"elementor-element elementor-element-ce008f6 elementor-widget elementor-widget-image\" data-id=\"ce008f6\" data-element_type=\"widget\" data-widget_type=\"image.default\">\n\t\t\t\t<div class=\"elementor-widget-container\">\n\t\t\t<style>\/*! elementor - v3.23.0 - 05-08-2024 *\/\n.elementor-widget-image{text-align:center}.elementor-widget-image a{display:inline-block}.elementor-widget-image a img[src$=\".svg\"]{width:48px}.elementor-widget-image img{vertical-align:middle;display:inline-block}<\/style>\t\t\t\t\t\t\t\t\t\t<img fetchpriority=\"high\" decoding=\"async\" width=\"442\" height=\"700\" src=\"https:\/\/www.tlumaczwietnamskiego.pl\/wp-content\/uploads\/2024\/03\/zdjecie_cennik-e1711266221341.jpg\" class=\"attachment-large size-large wp-image-12\" alt=\"\" srcset=\"https:\/\/www.tlumaczwietnamskiego.pl\/wp-content\/uploads\/2024\/03\/zdjecie_cennik-e1711266221341.jpg 442w, https:\/\/www.tlumaczwietnamskiego.pl\/wp-content\/uploads\/2024\/03\/zdjecie_cennik-e1711266221341-189x300.jpg 189w\" sizes=\"(max-width: 442px) 100vw, 442px\" \/>\t\t\t\t\t\t\t\t\t\t\t\t\t<\/div>\n\t\t\t\t<\/div>\n\t\t\t\t<\/div>\n\t\t\t\t\t<\/div>\n\t\t\t\t<\/div>\n\t\t\t\t<\/div>\n\t\t","protected":false},"excerpt":{"rendered":"<p>T\u0142umaczenia pisemne: T\u0142umaczenie w trybie zwyk\u0142ym T\u0142umaczenia po\u015bwiadczone 1125 znak\u00f3w ze spacjami \/strona obliczeniowa T\u0142umaczenia pisemne 1600 znak\u00f3w ze\u00a0spacjami \/stron\u0119 [&hellip;]<\/p>\n","protected":false},"author":1,"featured_media":0,"parent":0,"menu_order":0,"comment_status":"closed","ping_status":"closed","template":"","meta":{"site-sidebar-layout":"no-sidebar","site-content-layout":"","ast-site-content-layout":"full-width-container","site-content-style":"default","site-sidebar-style":"default","ast-global-header-display":"","ast-banner-title-visibility":"","ast-main-header-display":"","ast-hfb-above-header-display":"","ast-hfb-below-header-display":"","ast-hfb-mobile-header-display":"","site-post-title":"disabled","ast-breadcrumbs-content":"","ast-featured-img":"disabled","footer-sml-layout":"","theme-transparent-header-meta":"","adv-header-id-meta":"","stick-header-meta":"","header-above-stick-meta":"","header-main-stick-meta":"","header-below-stick-meta":"","astra-migrate-meta-layouts":"default","ast-page-background-enabled":"default","ast-page-background-meta":{"desktop":{"background-color":"var(--ast-global-color-4)","background-image":"","background-repeat":"repeat","background-position":"center center","background-size":"auto","background-attachment":"scroll","background-type":"","background-media":"","overlay-type":"","overlay-color":"","overlay-gradient":""},"tablet":{"background-color":"","background-image":"","background-repeat":"repeat","background-position":"center center","background-size":"auto","background-attachment":"scroll","background-type":"","background-media":"","overlay-type":"","overlay-color":"","overlay-gradient":""},"mobile":{"background-color":"","background-image":"","background-repeat":"repeat","background-position":"center center","background-size":"auto","background-attachment":"scroll","background-type":"","background-media":"","overlay-type":"","overlay-color":"","overlay-gradient":""}},"ast-content-background-meta":{"desktop":{"background-color":"var(--ast-global-color-5)","background-image":"","background-repeat":"repeat","background-position":"center center","background-size":"auto","background-attachment":"scroll","background-type":"","background-media":"","overlay-type":"","overlay-color":"","overlay-gradient":""},"tablet":{"background-color":"var(--ast-global-color-5)","background-image":"","background-repeat":"repeat","background-position":"center center","background-size":"auto","background-attachment":"scroll","background-type":"","background-media":"","overlay-type":"","overlay-color":"","overlay-gradient":""},"mobile":{"background-color":"var(--ast-global-color-5)","background-image":"","background-repeat":"repeat","background-position":"center center","background-size":"auto","background-attachment":"scroll","background-type":"","background-media":"","overlay-type":"","overlay-color":"","overlay-gradient":""}},"footnotes":""},"class_list":["post-110","page","type-page","status-publish","hentry"],"_links":{"self":[{"href":"https:\/\/www.tlumaczwietnamskiego.pl\/index.php\/wp-json\/wp\/v2\/pages\/110","targetHints":{"allow":["GET"]}}],"collection":[{"href":"https:\/\/www.tlumaczwietnamskiego.pl\/index.php\/wp-json\/wp\/v2\/pages"}],"about":[{"href":"https:\/\/www.tlumaczwietnamskiego.pl\/index.php\/wp-json\/wp\/v2\/types\/page"}],"author":[{"embeddable":true,"href":"https:\/\/www.tlumaczwietnamskiego.pl\/index.php\/wp-json\/wp\/v2\/users\/1"}],"replies":[{"embeddable":true,"href":"https:\/\/www.tlumaczwietnamskiego.pl\/index.php\/wp-json\/wp\/v2\/comments?post=110"}],"version-history":[{"count":0,"href":"https:\/\/www.tlumaczwietnamskiego.pl\/index.php\/wp-json\/wp\/v2\/pages\/110\/revisions"}],"wp:attachment":[{"href":"https:\/\/www.tlumaczwietnamskiego.pl\/index.php\/wp-json\/wp\/v2\/media?parent=110"}],"curies":[{"name":"wp","href":"https:\/\/api.w.org\/{rel}","templated":true}]}}