{"id":88,"date":"2024-03-23T08:39:01","date_gmt":"2024-03-23T08:39:01","guid":{"rendered":"https:\/\/www.tlumaczwietnamskiego.pl\/?page_id=88"},"modified":"2024-03-24T07:43:54","modified_gmt":"2024-03-24T07:43:54","slug":"o-mnie","status":"publish","type":"page","link":"https:\/\/www.tlumaczwietnamskiego.pl\/index.php\/o-mnie\/","title":{"rendered":"O Mnie"},"content":{"rendered":"\t\t<div data-elementor-type=\"wp-page\" data-elementor-id=\"88\" class=\"elementor elementor-88\">\n\t\t\t\t<div class=\"elementor-element elementor-element-72b5331 e-flex e-con-boxed e-con e-parent\" data-id=\"72b5331\" data-element_type=\"container\">\n\t\t\t\t\t<div class=\"e-con-inner\">\n\t\t<div class=\"elementor-element elementor-element-9a7875a e-con-full e-flex e-con e-child\" data-id=\"9a7875a\" data-element_type=\"container\">\n\t\t\t\t<div class=\"elementor-element elementor-element-329c09b elementor-widget elementor-widget-text-editor\" data-id=\"329c09b\" data-element_type=\"widget\" data-widget_type=\"text-editor.default\">\n\t\t\t\t<div class=\"elementor-widget-container\">\n\t\t\t<style>\/*! elementor - v3.23.0 - 05-08-2024 *\/\n.elementor-widget-text-editor.elementor-drop-cap-view-stacked .elementor-drop-cap{background-color:#69727d;color:#fff}.elementor-widget-text-editor.elementor-drop-cap-view-framed .elementor-drop-cap{color:#69727d;border:3px solid;background-color:transparent}.elementor-widget-text-editor:not(.elementor-drop-cap-view-default) .elementor-drop-cap{margin-top:8px}.elementor-widget-text-editor:not(.elementor-drop-cap-view-default) .elementor-drop-cap-letter{width:1em;height:1em}.elementor-widget-text-editor .elementor-drop-cap{float:left;text-align:center;line-height:1;font-size:50px}.elementor-widget-text-editor .elementor-drop-cap-letter{display:inline-block}<\/style>\t\t\t\t<p>Le Duy Thien, t\u0142umacz przysi\u0119g\u0142y, mieszka w Polsce od 1990 roku. Jest absolwentem SGH \u2013 Krajowej Wy\u017cszej Szko\u0142y Handlowej na kierunku Stosunki Mi\u0119dzynarodowe w Warszawie. Wietnamski jest moim j\u0119zykiem ojczystym, a dzi\u0119ki wieloletniemu pobycie w Polsce, polski sta\u0142 si\u0119 prawie tak bliski jak wietnamski. Jednocze\u015bnie zrozumienie i zrozumienie kultury i zwyczaj\u00f3w obu kraj\u00f3w jest bardzo potrzebne w pracy t\u0142umacza. Swoj\u0105 tw\u00f3rczo\u015b\u0107 postrzega jako pomost \u0142\u0105cz\u0105cy Wietnam z Polsk\u0105 na wielu polach. Jednym z nich jest wymiana handlowa pomi\u0119dzy obydwoma krajami. Wierzy, \u017ce bieg\u0142o\u015b\u0107 j\u0119zykowa i codzienne do\u015bwiadczenia zdobyte w pracy z Wietnamczykami i Polakami zaowocuj\u0105 bardziej wszechstronn\u0105 wsp\u00f3\u0142prac\u0105 i pog\u0142\u0119bi\u0105 wzajemne zrozumienie.<\/p>\t\t\t\t\t\t<\/div>\n\t\t\t\t<\/div>\n\t\t\t\t<\/div>\n\t\t<div class=\"elementor-element elementor-element-fe8bf53 e-con-full e-flex e-con e-child\" data-id=\"fe8bf53\" data-element_type=\"container\">\n\t\t\t\t<div class=\"elementor-element elementor-element-1c5caf6 elementor-widget elementor-widget-image\" data-id=\"1c5caf6\" data-element_type=\"widget\" data-widget_type=\"image.default\">\n\t\t\t\t<div class=\"elementor-widget-container\">\n\t\t\t<style>\/*! elementor - v3.23.0 - 05-08-2024 *\/\n.elementor-widget-image{text-align:center}.elementor-widget-image a{display:inline-block}.elementor-widget-image a img[src$=\".svg\"]{width:48px}.elementor-widget-image img{vertical-align:middle;display:inline-block}<\/style>\t\t\t\t\t\t\t\t\t\t<img fetchpriority=\"high\" decoding=\"async\" width=\"442\" height=\"700\" src=\"https:\/\/www.tlumaczwietnamskiego.pl\/wp-content\/uploads\/2024\/03\/zdjecie_omnie-e1711266122790.jpg\" class=\"attachment-large size-large wp-image-16\" alt=\"\" srcset=\"https:\/\/www.tlumaczwietnamskiego.pl\/wp-content\/uploads\/2024\/03\/zdjecie_omnie-e1711266122790.jpg 442w, https:\/\/www.tlumaczwietnamskiego.pl\/wp-content\/uploads\/2024\/03\/zdjecie_omnie-e1711266122790-189x300.jpg 189w\" sizes=\"(max-width: 442px) 100vw, 442px\" \/>\t\t\t\t\t\t\t\t\t\t\t\t\t<\/div>\n\t\t\t\t<\/div>\n\t\t\t\t<\/div>\n\t\t\t\t\t<\/div>\n\t\t\t\t<\/div>\n\t\t\t\t<\/div>\n\t\t","protected":false},"excerpt":{"rendered":"<p>Le Duy Thien, t\u0142umacz przysi\u0119g\u0142y, mieszka w Polsce od 1990 roku. Jest absolwentem SGH \u2013 Krajowej Wy\u017cszej Szko\u0142y Handlowej na [&hellip;]<\/p>\n","protected":false},"author":1,"featured_media":0,"parent":0,"menu_order":0,"comment_status":"closed","ping_status":"closed","template":"","meta":{"site-sidebar-layout":"no-sidebar","site-content-layout":"","ast-site-content-layout":"full-width-container","site-content-style":"default","site-sidebar-style":"default","ast-global-header-display":"","ast-banner-title-visibility":"","ast-main-header-display":"","ast-hfb-above-header-display":"","ast-hfb-below-header-display":"","ast-hfb-mobile-header-display":"","site-post-title":"disabled","ast-breadcrumbs-content":"","ast-featured-img":"disabled","footer-sml-layout":"","theme-transparent-header-meta":"","adv-header-id-meta":"","stick-header-meta":"","header-above-stick-meta":"","header-main-stick-meta":"","header-below-stick-meta":"","astra-migrate-meta-layouts":"default","ast-page-background-enabled":"default","ast-page-background-meta":{"desktop":{"background-color":"var(--ast-global-color-4)","background-image":"","background-repeat":"repeat","background-position":"center center","background-size":"auto","background-attachment":"scroll","background-type":"","background-media":"","overlay-type":"","overlay-color":"","overlay-gradient":""},"tablet":{"background-color":"","background-image":"","background-repeat":"repeat","background-position":"center center","background-size":"auto","background-attachment":"scroll","background-type":"","background-media":"","overlay-type":"","overlay-color":"","overlay-gradient":""},"mobile":{"background-color":"","background-image":"","background-repeat":"repeat","background-position":"center center","background-size":"auto","background-attachment":"scroll","background-type":"","background-media":"","overlay-type":"","overlay-color":"","overlay-gradient":""}},"ast-content-background-meta":{"desktop":{"background-color":"var(--ast-global-color-5)","background-image":"","background-repeat":"repeat","background-position":"center center","background-size":"auto","background-attachment":"scroll","background-type":"","background-media":"","overlay-type":"","overlay-color":"","overlay-gradient":""},"tablet":{"background-color":"var(--ast-global-color-5)","background-image":"","background-repeat":"repeat","background-position":"center center","background-size":"auto","background-attachment":"scroll","background-type":"","background-media":"","overlay-type":"","overlay-color":"","overlay-gradient":""},"mobile":{"background-color":"var(--ast-global-color-5)","background-image":"","background-repeat":"repeat","background-position":"center center","background-size":"auto","background-attachment":"scroll","background-type":"","background-media":"","overlay-type":"","overlay-color":"","overlay-gradient":""}},"footnotes":""},"class_list":["post-88","page","type-page","status-publish","hentry"],"_links":{"self":[{"href":"https:\/\/www.tlumaczwietnamskiego.pl\/index.php\/wp-json\/wp\/v2\/pages\/88","targetHints":{"allow":["GET"]}}],"collection":[{"href":"https:\/\/www.tlumaczwietnamskiego.pl\/index.php\/wp-json\/wp\/v2\/pages"}],"about":[{"href":"https:\/\/www.tlumaczwietnamskiego.pl\/index.php\/wp-json\/wp\/v2\/types\/page"}],"author":[{"embeddable":true,"href":"https:\/\/www.tlumaczwietnamskiego.pl\/index.php\/wp-json\/wp\/v2\/users\/1"}],"replies":[{"embeddable":true,"href":"https:\/\/www.tlumaczwietnamskiego.pl\/index.php\/wp-json\/wp\/v2\/comments?post=88"}],"version-history":[{"count":0,"href":"https:\/\/www.tlumaczwietnamskiego.pl\/index.php\/wp-json\/wp\/v2\/pages\/88\/revisions"}],"wp:attachment":[{"href":"https:\/\/www.tlumaczwietnamskiego.pl\/index.php\/wp-json\/wp\/v2\/media?parent=88"}],"curies":[{"name":"wp","href":"https:\/\/api.w.org\/{rel}","templated":true}]}}