{"id":99,"date":"2024-03-23T09:15:21","date_gmt":"2024-03-23T09:15:21","guid":{"rendered":"https:\/\/www.tlumaczwietnamskiego.pl\/?page_id=99"},"modified":"2024-03-24T07:32:16","modified_gmt":"2024-03-24T07:32:16","slug":"oferta","status":"publish","type":"page","link":"https:\/\/www.tlumaczwietnamskiego.pl\/index.php\/oferta\/","title":{"rendered":"Oferta"},"content":{"rendered":"\t\t<div data-elementor-type=\"wp-page\" data-elementor-id=\"99\" class=\"elementor elementor-99\">\n\t\t\t\t<div class=\"elementor-element elementor-element-57469d8 e-flex e-con-boxed e-con e-parent\" data-id=\"57469d8\" data-element_type=\"container\">\n\t\t\t\t\t<div class=\"e-con-inner\">\n\t\t<div class=\"elementor-element elementor-element-3f01c29 e-con-full e-flex e-con e-child\" data-id=\"3f01c29\" data-element_type=\"container\">\n\t\t\t\t<div class=\"elementor-element elementor-element-a62ac19 elementor-widget elementor-widget-text-editor\" data-id=\"a62ac19\" data-element_type=\"widget\" data-widget_type=\"text-editor.default\">\n\t\t\t\t<div class=\"elementor-widget-container\">\n\t\t\t<style>\/*! elementor - v3.23.0 - 05-08-2024 *\/\n.elementor-widget-text-editor.elementor-drop-cap-view-stacked .elementor-drop-cap{background-color:#69727d;color:#fff}.elementor-widget-text-editor.elementor-drop-cap-view-framed .elementor-drop-cap{color:#69727d;border:3px solid;background-color:transparent}.elementor-widget-text-editor:not(.elementor-drop-cap-view-default) .elementor-drop-cap{margin-top:8px}.elementor-widget-text-editor:not(.elementor-drop-cap-view-default) .elementor-drop-cap-letter{width:1em;height:1em}.elementor-widget-text-editor .elementor-drop-cap{float:left;text-align:center;line-height:1;font-size:50px}.elementor-widget-text-editor .elementor-drop-cap-letter{display:inline-block}<\/style>\t\t\t\t<p>T\u0142umaczeniami zajmuj\u0119 si\u0119 od wielu lat. Ze wzgl\u0119du na fakt, \u017ce w Polsce \u017cyje du\u017ca grupa Wietnamczyk\u00f3w mia\u0142em okazj\u0119 t\u0142umaczy\u0107 w r\u00f3\u017cnych okoliczno\u015bciach. Tytu\u0142 t\u0142umacza przysi\u0119g\u0142ego j\u0119zyka wietnamskiego zdoby\u0142em w 2012 roku i od tej pory wykonuj\u0119 r\u00f3wnie\u017c t\u0142umaczenia po\u015bwiadczone.<\/p><p><strong>SPECJALIZACJA<\/strong><\/p><p>Specjalizuj\u0119 si\u0119 w t\u0142umaczeniu um\u00f3w handlowych, tekst\u00f3w z zakresu prawa i\u00a0ekonomii. Zdoby\u0142em do\u015bwiadczenie w\u00a0t\u0142umaczeniach w\u00a0takich miejscach jak: S\u0105d Okr\u0119gowy, S\u0105d Rejonowy, Urz\u0105d Skarbowy, Urz\u0105d do Spraw Cudzoziemc\u00f3w, Urz\u0105d Stanu Cywilnego, Pa\u0144stwowa Inspekcja Sanitarna, i\u00a0w\u00a0wielu instytucjach prywatnych.<\/p><p><strong>MOI KLIENCI<\/strong><\/p><p>Moja oferta jest skierowana do klient\u00f3w indywidualnych, prywatnych firm krajowych i\u00a0zagranicznych jak i\u00a0do instytucji specjalistycznych. Wykonuj\u0119 t\u0142umaczenia na terenie Warszawy oraz w\u00a0jej okolicach. W\u00a0szczeg\u00f3lnych przypadkach jestem w\u00a0stanie wykonywa\u0107 t\u0142umaczenia na terenie ca\u0142ej Polski oraz poza jej granicami.<\/p><p><strong>RODZAJE T\u0141UMACZE\u0143<\/strong><br \/>Wykonuj\u0119 t\u0142umaczenia po\u015bwiadczone i zwyk\u0142e, zar\u00f3wno ustne jak i\u00a0pisemne.<br \/>Mi\u0119dzy innymi wykonuj\u0119 t\u0142umaczenia:<\/p><p>Pisemne<\/p><ul><li>dokumenty metrykalne (np. akty urodzenia, ma\u0142\u017ce\u0144stwa, akta zgonu)<\/li><li>dokumenty urz\u0119dowe (\u015bwiadectwa niekaralno\u015bci, praw jazdy, dowody osobiste, karty pobytu, paszporty)<\/li><li>dokumenty s\u0105dowe<\/li><li>umowy handlowe<\/li><li>dyplomy<\/li><li>\u015bwiadectwa szkolne<\/li><li>karty leczenia<\/li><\/ul><p>Ustne<\/p><ul><li>w s\u0105dach<\/li><li>w urz\u0119dach<\/li><li>u notariusza<\/li><li>na policji<\/li><li>w szko\u0142ach<\/li><li>na spotkaniach biznesowych \/ handlowych<\/li><\/ul><p>Dokonuj\u0119 wszelkich t\u0142umacze\u0144, r\u00f3wnie\u017c tych nie uwzgl\u0119dnionych powy\u017cej.<\/p>\t\t\t\t\t\t<\/div>\n\t\t\t\t<\/div>\n\t\t\t\t<\/div>\n\t\t<div class=\"elementor-element elementor-element-ee1e6dc e-con-full e-flex e-con e-child\" data-id=\"ee1e6dc\" data-element_type=\"container\">\n\t\t\t\t<div class=\"elementor-element elementor-element-6563ee4 elementor-widget elementor-widget-image\" data-id=\"6563ee4\" data-element_type=\"widget\" data-widget_type=\"image.default\">\n\t\t\t\t<div class=\"elementor-widget-container\">\n\t\t\t<style>\/*! elementor - v3.23.0 - 05-08-2024 *\/\n.elementor-widget-image{text-align:center}.elementor-widget-image a{display:inline-block}.elementor-widget-image a img[src$=\".svg\"]{width:48px}.elementor-widget-image img{vertical-align:middle;display:inline-block}<\/style>\t\t\t\t\t\t\t\t\t\t<img fetchpriority=\"high\" decoding=\"async\" width=\"442\" height=\"700\" src=\"https:\/\/www.tlumaczwietnamskiego.pl\/wp-content\/uploads\/2024\/03\/zdjecie_oferta-e1711266175477.jpg\" class=\"attachment-large size-large wp-image-15\" alt=\"\" srcset=\"https:\/\/www.tlumaczwietnamskiego.pl\/wp-content\/uploads\/2024\/03\/zdjecie_oferta-e1711266175477.jpg 442w, https:\/\/www.tlumaczwietnamskiego.pl\/wp-content\/uploads\/2024\/03\/zdjecie_oferta-e1711266175477-189x300.jpg 189w\" sizes=\"(max-width: 442px) 100vw, 442px\" \/>\t\t\t\t\t\t\t\t\t\t\t\t\t<\/div>\n\t\t\t\t<\/div>\n\t\t\t\t<\/div>\n\t\t\t\t\t<\/div>\n\t\t\t\t<\/div>\n\t\t\t\t<\/div>\n\t\t","protected":false},"excerpt":{"rendered":"<p>T\u0142umaczeniami zajmuj\u0119 si\u0119 od wielu lat. Ze wzgl\u0119du na fakt, \u017ce w Polsce \u017cyje du\u017ca grupa Wietnamczyk\u00f3w mia\u0142em okazj\u0119 t\u0142umaczy\u0107 [&hellip;]<\/p>\n","protected":false},"author":1,"featured_media":0,"parent":0,"menu_order":0,"comment_status":"closed","ping_status":"closed","template":"","meta":{"site-sidebar-layout":"no-sidebar","site-content-layout":"","ast-site-content-layout":"full-width-container","site-content-style":"default","site-sidebar-style":"default","ast-global-header-display":"","ast-banner-title-visibility":"","ast-main-header-display":"","ast-hfb-above-header-display":"","ast-hfb-below-header-display":"","ast-hfb-mobile-header-display":"","site-post-title":"disabled","ast-breadcrumbs-content":"","ast-featured-img":"disabled","footer-sml-layout":"","theme-transparent-header-meta":"","adv-header-id-meta":"","stick-header-meta":"","header-above-stick-meta":"","header-main-stick-meta":"","header-below-stick-meta":"","astra-migrate-meta-layouts":"default","ast-page-background-enabled":"default","ast-page-background-meta":{"desktop":{"background-color":"var(--ast-global-color-4)","background-image":"","background-repeat":"repeat","background-position":"center center","background-size":"auto","background-attachment":"scroll","background-type":"","background-media":"","overlay-type":"","overlay-color":"","overlay-gradient":""},"tablet":{"background-color":"","background-image":"","background-repeat":"repeat","background-position":"center center","background-size":"auto","background-attachment":"scroll","background-type":"","background-media":"","overlay-type":"","overlay-color":"","overlay-gradient":""},"mobile":{"background-color":"","background-image":"","background-repeat":"repeat","background-position":"center center","background-size":"auto","background-attachment":"scroll","background-type":"","background-media":"","overlay-type":"","overlay-color":"","overlay-gradient":""}},"ast-content-background-meta":{"desktop":{"background-color":"var(--ast-global-color-5)","background-image":"","background-repeat":"repeat","background-position":"center center","background-size":"auto","background-attachment":"scroll","background-type":"","background-media":"","overlay-type":"","overlay-color":"","overlay-gradient":""},"tablet":{"background-color":"var(--ast-global-color-5)","background-image":"","background-repeat":"repeat","background-position":"center center","background-size":"auto","background-attachment":"scroll","background-type":"","background-media":"","overlay-type":"","overlay-color":"","overlay-gradient":""},"mobile":{"background-color":"var(--ast-global-color-5)","background-image":"","background-repeat":"repeat","background-position":"center center","background-size":"auto","background-attachment":"scroll","background-type":"","background-media":"","overlay-type":"","overlay-color":"","overlay-gradient":""}},"footnotes":""},"class_list":["post-99","page","type-page","status-publish","hentry"],"_links":{"self":[{"href":"https:\/\/www.tlumaczwietnamskiego.pl\/index.php\/wp-json\/wp\/v2\/pages\/99","targetHints":{"allow":["GET"]}}],"collection":[{"href":"https:\/\/www.tlumaczwietnamskiego.pl\/index.php\/wp-json\/wp\/v2\/pages"}],"about":[{"href":"https:\/\/www.tlumaczwietnamskiego.pl\/index.php\/wp-json\/wp\/v2\/types\/page"}],"author":[{"embeddable":true,"href":"https:\/\/www.tlumaczwietnamskiego.pl\/index.php\/wp-json\/wp\/v2\/users\/1"}],"replies":[{"embeddable":true,"href":"https:\/\/www.tlumaczwietnamskiego.pl\/index.php\/wp-json\/wp\/v2\/comments?post=99"}],"version-history":[{"count":0,"href":"https:\/\/www.tlumaczwietnamskiego.pl\/index.php\/wp-json\/wp\/v2\/pages\/99\/revisions"}],"wp:attachment":[{"href":"https:\/\/www.tlumaczwietnamskiego.pl\/index.php\/wp-json\/wp\/v2\/media?parent=99"}],"curies":[{"name":"wp","href":"https:\/\/api.w.org\/{rel}","templated":true}]}}